{"id":6,"date":"2023-04-15T01:35:51","date_gmt":"2023-04-15T01:35:51","guid":{"rendered":"http:\/\/bypierinafernandez.com\/?page_id=6"},"modified":"2024-11-29T21:02:13","modified_gmt":"2024-11-29T21:02:13","slug":"cart","status":"publish","type":"page","link":"https:\/\/bypierinafernandez.com\/?page_id=6","title":{"rendered":"Cart"},"content":{"rendered":"\t\t<div data-elementor-type=\"wp-page\" data-elementor-id=\"6\" class=\"elementor elementor-6\" data-elementor-post-type=\"page\">\n\t\t\t\t<div class=\"elementor-element elementor-element-fea8a18 e-flex e-con-boxed e-con e-parent\" data-id=\"fea8a18\" data-element_type=\"container\" data-e-type=\"container\">\n\t\t\t\t\t<div class=\"e-con-inner\">\n\t\t\t\t<div class=\"elementor-element elementor-element-3829a61 elementor-widget elementor-widget-spacer\" data-id=\"3829a61\" data-element_type=\"widget\" data-e-type=\"widget\" data-widget_type=\"spacer.default\">\n\t\t\t\t<div class=\"elementor-widget-container\">\n\t\t\t\t\t\t\t<div class=\"elementor-spacer\">\n\t\t\t<div class=\"elementor-spacer-inner\"><\/div>\n\t\t<\/div>\n\t\t\t\t\t\t<\/div>\n\t\t\t\t<\/div>\n\t\t\t\t<div class=\"elementor-element elementor-element-60c4c33 elementor-widget elementor-widget-heading\" data-id=\"60c4c33\" data-element_type=\"widget\" data-e-type=\"widget\" data-widget_type=\"heading.default\">\n\t\t\t\t<div class=\"elementor-widget-container\">\n\t\t\t\t\t<h2 class=\"elementor-heading-title elementor-size-default\">HAS A\u00d1ADIDO A TU CARRITO:<\/h2>\t\t\t\t<\/div>\n\t\t\t\t<\/div>\n\t\t\t\t\t<\/div>\n\t\t\t\t<\/div>\n\t\t<div class=\"elementor-element elementor-element-0666dd0 e-flex e-con-boxed e-con e-parent\" data-id=\"0666dd0\" data-element_type=\"container\" data-e-type=\"container\" data-settings=\"{&quot;background_background&quot;:&quot;classic&quot;}\">\n\t\t\t\t\t<div class=\"e-con-inner\">\n\t\t\t\t<div class=\"elementor-element elementor-element-d4e0234 e-cart-layout-one-column elementor-widget elementor-widget-woocommerce-cart\" data-id=\"d4e0234\" data-element_type=\"widget\" data-e-type=\"widget\" data-settings=\"{&quot;update_cart_automatically&quot;:&quot;yes&quot;}\" data-widget_type=\"woocommerce-cart.default\">\n\t\t\t\t<div class=\"elementor-widget-container\">\n\t\t\t\t\t<div class=\"woocommerce\"><div class=\"woocommerce-notices-wrapper\"><\/div><div class=\"wc-empty-cart-message\">\n\t<div class=\"cart-empty woocommerce-info\">\n\t\tTu carrito est\u00e1 vac\u00edo.\t<\/div>\n<\/div>\t<p class=\"return-to-shop\">\n\t\t<a class=\"button wc-backward\" href=\"https:\/\/bypierinafernandez.com\/?page_id=5\">\n\t\t\tVolver a la tienda\t\t<\/a>\n\t<\/p>\n<\/div>\t\t\t\t<\/div>\n\t\t\t\t<\/div>\n\t\t\t\t\t<\/div>\n\t\t\t\t<\/div>\n\t\t<div class=\"elementor-element elementor-element-20c75bb e-flex e-con-boxed e-con e-parent\" data-id=\"20c75bb\" data-element_type=\"container\" data-e-type=\"container\">\n\t\t\t\t\t<div class=\"e-con-inner\">\n\t\t\t\t\t<\/div>\n\t\t\t\t<\/div>\n\t\t\t\t<\/div>\n\t\t","protected":false},"excerpt":{"rendered":"<p>HAS A\u00d1ADIDO A TU CARRITO: Remove item Thumbnail image Product Price Quantity Subtotal &times; FORMACION LAMINADO DE CEJAS Y LIFTING DE PESTA\u00d1AS &#8211; PERSONALIZADA 610,25&nbsp;&euro; FORMACION LAMINADO DE CEJAS Y LIFTING DE PESTA\u00d1AS &#8211; PERSONALIZADA quantity 610,25&nbsp;&euro; Aplicar el cup\u00f3n Totales del carrito Subtotal 610,25&nbsp;&euro; Total 610,25&nbsp;&euro; (includes 105,91&nbsp;&euro; Impuesto) 610.25 Proceder al pago<\/p>\n","protected":false},"author":1,"featured_media":0,"parent":0,"menu_order":0,"comment_status":"closed","ping_status":"closed","template":"","meta":{"jetpack_post_was_ever_published":false,"footnotes":""},"class_list":["post-6","page","type-page","status-publish","hentry"],"jetpack_sharing_enabled":true,"_links":{"self":[{"href":"https:\/\/bypierinafernandez.com\/index.php?rest_route=\/wp\/v2\/pages\/6","targetHints":{"allow":["GET"]}}],"collection":[{"href":"https:\/\/bypierinafernandez.com\/index.php?rest_route=\/wp\/v2\/pages"}],"about":[{"href":"https:\/\/bypierinafernandez.com\/index.php?rest_route=\/wp\/v2\/types\/page"}],"author":[{"embeddable":true,"href":"https:\/\/bypierinafernandez.com\/index.php?rest_route=\/wp\/v2\/users\/1"}],"replies":[{"embeddable":true,"href":"https:\/\/bypierinafernandez.com\/index.php?rest_route=%2Fwp%2Fv2%2Fcomments&post=6"}],"version-history":[{"count":69,"href":"https:\/\/bypierinafernandez.com\/index.php?rest_route=\/wp\/v2\/pages\/6\/revisions"}],"predecessor-version":[{"id":2706,"href":"https:\/\/bypierinafernandez.com\/index.php?rest_route=\/wp\/v2\/pages\/6\/revisions\/2706"}],"wp:attachment":[{"href":"https:\/\/bypierinafernandez.com\/index.php?rest_route=%2Fwp%2Fv2%2Fmedia&parent=6"}],"curies":[{"name":"wp","href":"https:\/\/api.w.org\/{rel}","templated":true}]}}