{"id":9,"date":"2023-04-15T01:35:51","date_gmt":"2023-04-15T01:35:51","guid":{"rendered":"http:\/\/bypierinafernandez.com\/?page_id=9"},"modified":"2023-07-05T15:44:34","modified_gmt":"2023-07-05T15:44:34","slug":"refund_returns","status":"publish","type":"page","link":"https:\/\/bypierinafernandez.com\/?page_id=9","title":{"rendered":"Refund and Returns Policy"},"content":{"rendered":"\t\t<div data-elementor-type=\"wp-page\" data-elementor-id=\"9\" class=\"elementor elementor-9\" data-elementor-post-type=\"page\">\n\t\t\t\t<div class=\"elementor-element elementor-element-50f4d0a e-flex e-con-boxed e-con e-parent\" data-id=\"50f4d0a\" data-element_type=\"container\" data-e-type=\"container\" data-settings=\"{&quot;background_background&quot;:&quot;classic&quot;}\">\n\t\t\t\t\t<div class=\"e-con-inner\">\n\t\t<div class=\"elementor-element elementor-element-c9d5f64 e-con-full e-flex e-con e-parent\" data-id=\"c9d5f64\" data-element_type=\"container\" data-e-type=\"container\" data-settings=\"{&quot;background_background&quot;:&quot;classic&quot;}\">\n\t\t\t\t<div class=\"elementor-element elementor-element-798c941 elementor-widget elementor-widget-spacer\" data-id=\"798c941\" data-element_type=\"widget\" data-e-type=\"widget\" data-widget_type=\"spacer.default\">\n\t\t\t\t<div class=\"elementor-widget-container\">\n\t\t\t\t\t\t\t<div class=\"elementor-spacer\">\n\t\t\t<div class=\"elementor-spacer-inner\"><\/div>\n\t\t<\/div>\n\t\t\t\t\t\t<\/div>\n\t\t\t\t<\/div>\n\t\t\t\t<div class=\"elementor-element elementor-element-dbf1b8d elementor-widget elementor-widget-heading\" data-id=\"dbf1b8d\" data-element_type=\"widget\" data-e-type=\"widget\" data-widget_type=\"heading.default\">\n\t\t\t\t<div class=\"elementor-widget-container\">\n\t\t\t\t\t<h2 class=\"elementor-heading-title elementor-size-default\">POLITICA DE REEMBOLSOS Y DEVOLUCIONES<\/h2>\t\t\t\t<\/div>\n\t\t\t\t<\/div>\n\t\t\t\t<div class=\"elementor-element elementor-element-2c48871 elementor-widget elementor-widget-spacer\" data-id=\"2c48871\" data-element_type=\"widget\" data-e-type=\"widget\" data-widget_type=\"spacer.default\">\n\t\t\t\t<div class=\"elementor-widget-container\">\n\t\t\t\t\t\t\t<div class=\"elementor-spacer\">\n\t\t\t<div class=\"elementor-spacer-inner\"><\/div>\n\t\t<\/div>\n\t\t\t\t\t\t<\/div>\n\t\t\t\t<\/div>\n\t\t\t\t<\/div>\n\t\t\t\t\t<\/div>\n\t\t\t\t<\/div>\n\t\t\t\t<section class=\"elementor-section elementor-top-section elementor-element elementor-element-1e9becd6 elementor-section-boxed elementor-section-height-default elementor-section-height-default\" data-id=\"1e9becd6\" data-element_type=\"section\" data-e-type=\"section\">\n\t\t\t\t\t\t<div class=\"elementor-container elementor-column-gap-default\">\n\t\t\t\t\t<div class=\"elementor-column elementor-col-100 elementor-top-column elementor-element elementor-element-35e34375\" data-id=\"35e34375\" data-element_type=\"column\" data-e-type=\"column\">\n\t\t\t<div class=\"elementor-widget-wrap elementor-element-populated\">\n\t\t\t\t\t\t<div class=\"elementor-element elementor-element-4172226b elementor-widget elementor-widget-text-editor\" data-id=\"4172226b\" data-element_type=\"widget\" data-e-type=\"widget\" data-widget_type=\"text-editor.default\">\n\t\t\t\t<div class=\"elementor-widget-container\">\n\t\t\t\t\t\t\t\t\t<p><\/p>\n<p>\u00a0<\/p>\n<p><strong>1. Reembolsos:<\/strong><br \/>a. Si no est\u00e1s satisfecho con el servicio est\u00e9tico que has recibido, tienes derecho a solicitar un reembolso completo dentro de los 7 d\u00edas posteriores a la fecha del servicio.<br \/>b. Para solicitar un reembolso, debes presentar el recibo original de pago y explicar claramente los motivos de insatisfacci\u00f3n.<br \/>c. Una vez que hayamos recibido tu solicitud de reembolso, evaluaremos el caso y, si es aprobado, se te reembolsar\u00e1 el monto total pagado en la forma de pago original.<\/p>\n<p><strong>2. Devoluciones:<\/strong><br \/>a. No se aceptan devoluciones de servicios est\u00e9ticos ya proporcionados, a menos que exista un problema grave o un incumplimiento significativo de los est\u00e1ndares de calidad.<br \/>b. Si hay un problema con el servicio est\u00e9tico recibido, debes informarnos de inmediato y proporcionarnos detalles sobre el problema.<br \/>c. Evaluaremos tu solicitud de devoluci\u00f3n y, si se determina que es v\u00e1lida, podr\u00edamos ofrecerte un servicio adicional para corregir el problema.<\/p>\n<p><strong>3. Condiciones adicionales:<\/strong><br \/><strong>a.<\/strong> La pol\u00edtica de reembolso y devoluciones se aplica \u00fanicamente a los servicios est\u00e9ticos y no cubre productos o art\u00edculos vendidos en la cl\u00ednica o sal\u00f3n de belleza.<br \/><strong>b.<\/strong> Cualquier da\u00f1o causado por el cliente despu\u00e9s de recibir el servicio est\u00e9tico, ya sea por no seguir las recomendaciones adecuadas no ser\u00e1 elegible para reembolso o devoluci\u00f3n.<br \/><strong>c.<\/strong> Nos reservamos el derecho de modificar o actualizar esta pol\u00edtica de reembolso y devoluciones en cualquier momento.<\/p>\n<p><\/p>\t\t\t\t\t\t\t\t<\/div>\n\t\t\t\t<\/div>\n\t\t\t\t\t<\/div>\n\t\t<\/div>\n\t\t\t\t\t<\/div>\n\t\t<\/section>\t\t<\/div>\n\t\t","protected":false},"excerpt":{"rendered":"<p>POLITICA DE REEMBOLSOS Y DEVOLUCIONES \u00a0 1. Reembolsos:a. Si no est\u00e1s satisfecho con el servicio est\u00e9tico que has recibido, tienes derecho a solicitar un reembolso completo dentro de los 7 d\u00edas posteriores a la fecha del servicio.b. Para solicitar un reembolso, debes presentar el recibo original de pago y explicar claramente los motivos de insatisfacci\u00f3n.c. [&hellip;]<\/p>\n","protected":false},"author":1,"featured_media":0,"parent":0,"menu_order":0,"comment_status":"closed","ping_status":"closed","template":"","meta":{"jetpack_post_was_ever_published":false,"footnotes":""},"class_list":["post-9","page","type-page","status-publish","hentry"],"jetpack_sharing_enabled":true,"_links":{"self":[{"href":"https:\/\/bypierinafernandez.com\/index.php?rest_route=\/wp\/v2\/pages\/9","targetHints":{"allow":["GET"]}}],"collection":[{"href":"https:\/\/bypierinafernandez.com\/index.php?rest_route=\/wp\/v2\/pages"}],"about":[{"href":"https:\/\/bypierinafernandez.com\/index.php?rest_route=\/wp\/v2\/types\/page"}],"author":[{"embeddable":true,"href":"https:\/\/bypierinafernandez.com\/index.php?rest_route=\/wp\/v2\/users\/1"}],"replies":[{"embeddable":true,"href":"https:\/\/bypierinafernandez.com\/index.php?rest_route=%2Fwp%2Fv2%2Fcomments&post=9"}],"version-history":[{"count":34,"href":"https:\/\/bypierinafernandez.com\/index.php?rest_route=\/wp\/v2\/pages\/9\/revisions"}],"predecessor-version":[{"id":1690,"href":"https:\/\/bypierinafernandez.com\/index.php?rest_route=\/wp\/v2\/pages\/9\/revisions\/1690"}],"wp:attachment":[{"href":"https:\/\/bypierinafernandez.com\/index.php?rest_route=%2Fwp%2Fv2%2Fmedia&parent=9"}],"curies":[{"name":"wp","href":"https:\/\/api.w.org\/{rel}","templated":true}]}}