{"id":1030,"date":"2023-06-13T00:56:06","date_gmt":"2023-06-13T00:56:06","guid":{"rendered":"https:\/\/bypierinafernandez.com\/?post_type=product&#038;p=1030"},"modified":"2023-09-06T23:02:10","modified_gmt":"2023-09-06T23:02:10","slug":"lipolaser-bono-10-sesiones","status":"publish","type":"product","link":"https:\/\/bypierinafernandez.com\/?product=lipolaser-bono-10-sesiones","title":{"rendered":"LIPOLASER BONO 10 SESIONES"},"content":{"rendered":"<p>Sin cirug\u00eda e indoloro, reduce hasta 5cm por tratamiento.<br \/>\nSe trata de una t\u00e9cnica que lleva poco m\u00e1s de una d\u00e9cada realiz\u00e1ndose y que consigue grandes resultados a la hora de reducir o eliminar grasa logrando una recuperaci\u00f3n muy r\u00e1pida.<\/p>\n","protected":false},"excerpt":{"rendered":"<p><span style=\"color: #000000;\">Sin cirug\u00eda e indoloro, reduce hasta 5cm por tratamiento<\/span><\/p>\n","protected":false},"featured_media":1006,"comment_status":"open","ping_status":"closed","template":"","meta":{"jetpack_post_was_ever_published":false},"product_brand":[],"product_cat":[69],"product_tag":[36,37,70],"class_list":{"0":"post-1030","1":"product","2":"type-product","3":"status-publish","4":"has-post-thumbnail","6":"product_cat-tratamientos-corporales","7":"product_tag-lipolaser","8":"product_tag-reduce-celulitis","9":"product_tag-tratamientocorporal","11":"first","12":"instock","13":"taxable","14":"shipping-taxable","15":"purchasable","16":"product-type-simple"},"jetpack_sharing_enabled":true,"_links":{"self":[{"href":"https:\/\/bypierinafernandez.com\/index.php?rest_route=\/wp\/v2\/product\/1030","targetHints":{"allow":["GET"]}}],"collection":[{"href":"https:\/\/bypierinafernandez.com\/index.php?rest_route=\/wp\/v2\/product"}],"about":[{"href":"https:\/\/bypierinafernandez.com\/index.php?rest_route=\/wp\/v2\/types\/product"}],"replies":[{"embeddable":true,"href":"https:\/\/bypierinafernandez.com\/index.php?rest_route=%2Fwp%2Fv2%2Fcomments&post=1030"}],"wp:featuredmedia":[{"embeddable":true,"href":"https:\/\/bypierinafernandez.com\/index.php?rest_route=\/wp\/v2\/media\/1006"}],"wp:attachment":[{"href":"https:\/\/bypierinafernandez.com\/index.php?rest_route=%2Fwp%2Fv2%2Fmedia&parent=1030"}],"wp:term":[{"taxonomy":"product_brand","embeddable":true,"href":"https:\/\/bypierinafernandez.com\/index.php?rest_route=%2Fwp%2Fv2%2Fproduct_brand&post=1030"},{"taxonomy":"product_cat","embeddable":true,"href":"https:\/\/bypierinafernandez.com\/index.php?rest_route=%2Fwp%2Fv2%2Fproduct_cat&post=1030"},{"taxonomy":"product_tag","embeddable":true,"href":"https:\/\/bypierinafernandez.com\/index.php?rest_route=%2Fwp%2Fv2%2Fproduct_tag&post=1030"}],"curies":[{"name":"wp","href":"https:\/\/api.w.org\/{rel}","templated":true}]}}