{"id":1884,"date":"2023-07-18T06:58:19","date_gmt":"2023-07-18T06:58:19","guid":{"rendered":"https:\/\/bypierinafernandez.com\/?post_type=product&#038;p=1884"},"modified":"2026-05-03T20:37:19","modified_gmt":"2026-05-03T20:37:19","slug":"labios-natural-lips","status":"publish","type":"product","link":"https:\/\/bypierinafernandez.com\/?product=labios-natural-lips","title":{"rendered":"MICROPIGMENTACION DE LABIOS Y REVISION 40\/60 DIAS INCLUIDO"},"content":{"rendered":"<p>Es una t\u00e9cnica de maquillaje semipermanente que tras un dise\u00f1o previo de labios seg\u00fan el rostro de cada cliente, para recuperar los contornos perdidos por la edad, o arreglar alguna asimetr\u00eda y ayuda a mantener un color bonito y natural.<\/p>\n<p>\u00a1El retoque a los 30-40 dias es GRATIS!<\/p>\n","protected":false},"excerpt":{"rendered":"<p>Es una t\u00e9cnica de maquillaje semipermanente que tras un dise\u00f1o previo de labios seg\u00fan el rostro de cada cliente, para recuperar los contornos perdidos por la edad, o arreglar alguna asimetr\u00eda y ayuda a mantener un color bonito y natural. \u00a1El retoque a los 30-40 dias es GRATIS!<\/p>\n","protected":false},"featured_media":1885,"comment_status":"open","ping_status":"closed","template":"","meta":{"jetpack_post_was_ever_published":false},"product_brand":[],"product_cat":[28],"product_tag":[53],"class_list":{"0":"post-1884","1":"product","2":"type-product","3":"status-publish","4":"has-post-thumbnail","6":"product_cat-micropigmentacion","7":"product_tag-labios-maquillaje-micropigmentacion","9":"first","10":"instock","11":"taxable","12":"shipping-taxable","13":"purchasable","14":"product-type-variable"},"jetpack_sharing_enabled":true,"_links":{"self":[{"href":"https:\/\/bypierinafernandez.com\/index.php?rest_route=\/wp\/v2\/product\/1884","targetHints":{"allow":["GET"]}}],"collection":[{"href":"https:\/\/bypierinafernandez.com\/index.php?rest_route=\/wp\/v2\/product"}],"about":[{"href":"https:\/\/bypierinafernandez.com\/index.php?rest_route=\/wp\/v2\/types\/product"}],"replies":[{"embeddable":true,"href":"https:\/\/bypierinafernandez.com\/index.php?rest_route=%2Fwp%2Fv2%2Fcomments&post=1884"}],"wp:featuredmedia":[{"embeddable":true,"href":"https:\/\/bypierinafernandez.com\/index.php?rest_route=\/wp\/v2\/media\/1885"}],"wp:attachment":[{"href":"https:\/\/bypierinafernandez.com\/index.php?rest_route=%2Fwp%2Fv2%2Fmedia&parent=1884"}],"wp:term":[{"taxonomy":"product_brand","embeddable":true,"href":"https:\/\/bypierinafernandez.com\/index.php?rest_route=%2Fwp%2Fv2%2Fproduct_brand&post=1884"},{"taxonomy":"product_cat","embeddable":true,"href":"https:\/\/bypierinafernandez.com\/index.php?rest_route=%2Fwp%2Fv2%2Fproduct_cat&post=1884"},{"taxonomy":"product_tag","embeddable":true,"href":"https:\/\/bypierinafernandez.com\/index.php?rest_route=%2Fwp%2Fv2%2Fproduct_tag&post=1884"}],"curies":[{"name":"wp","href":"https:\/\/api.w.org\/{rel}","templated":true}]}}