{"id":1989,"date":"2023-08-20T22:08:07","date_gmt":"2023-08-20T22:08:07","guid":{"rendered":"https:\/\/bypierinafernandez.com\/?post_type=product&#038;p=1989"},"modified":"2024-05-30T04:29:44","modified_gmt":"2024-05-30T04:29:44","slug":"limpieza-facial-profunda-premium","status":"publish","type":"product","link":"https:\/\/bypierinafernandez.com\/?product=limpieza-facial-profunda-premium","title":{"rendered":"LIMPIEZA FACIAL PROFUNDA PREMIUM"},"content":{"rendered":"<p>Inlcuye:<\/p>\n<p>1. Higiene de la piel<br \/>\n2. Exfoliaci\u00f3n con microdermoabrasi\u00f3n<br \/>\n3. Extracciones con paleta ultras\u00f3nica<br \/>\ny manuales<br \/>\n4. Mascarilla seg\u00fan biotipo y necesidad<br \/>\nde la piel.<br \/>\n5. Alta frecuencia.<br \/>\n6. Hidratante y spf.<br \/>\n7. Cabina led<br \/>\n8. Radiofrecuencia.<br \/>\n9. Masaje facial relajante con<br \/>\nt\u00e9cnicas drenantes y efecto lifting (30min)<\/p>\n<p>Duraci\u00f3n: 2 horas<\/p>\n<p>&nbsp;<\/p>\n<p>PROMO BLACK FRIDAY DISPONIBLE HASTA EL 30\/11\/23<\/p>\n","protected":false},"excerpt":{"rendered":"<p>Inlcuye: 1. Higiene de la piel 2. Exfoliaci\u00f3n con microdermoabrasi\u00f3n 3. Extracciones con paleta ultras\u00f3nica y manuales 4. Mascarilla seg\u00fan biotipo y necesidad de la piel. 5. Alta frecuencia. 6. Hidratante y spf. 7. Cabina led 8. Radiofrecuencia. 9. Masaje facial relajante con t\u00e9cnicas drenantes y efecto lifting (30min) Duraci\u00f3n: 2 horas &nbsp; PROMO BLACK [&hellip;]<\/p>\n","protected":false},"featured_media":1990,"comment_status":"open","ping_status":"closed","template":"","meta":{"jetpack_post_was_ever_published":false},"product_brand":[],"product_cat":[56],"product_tag":[58,57,59],"class_list":{"0":"post-1989","1":"product","2":"type-product","3":"status-publish","4":"has-post-thumbnail","6":"product_cat-tratamientos-faciales","7":"product_tag-cuidadodelapiel","8":"product_tag-limpiezafacial","9":"product_tag-rostro","11":"first","12":"instock","13":"taxable","14":"shipping-taxable","15":"purchasable","16":"product-type-simple"},"jetpack_sharing_enabled":true,"_links":{"self":[{"href":"https:\/\/bypierinafernandez.com\/index.php?rest_route=\/wp\/v2\/product\/1989","targetHints":{"allow":["GET"]}}],"collection":[{"href":"https:\/\/bypierinafernandez.com\/index.php?rest_route=\/wp\/v2\/product"}],"about":[{"href":"https:\/\/bypierinafernandez.com\/index.php?rest_route=\/wp\/v2\/types\/product"}],"replies":[{"embeddable":true,"href":"https:\/\/bypierinafernandez.com\/index.php?rest_route=%2Fwp%2Fv2%2Fcomments&post=1989"}],"wp:featuredmedia":[{"embeddable":true,"href":"https:\/\/bypierinafernandez.com\/index.php?rest_route=\/wp\/v2\/media\/1990"}],"wp:attachment":[{"href":"https:\/\/bypierinafernandez.com\/index.php?rest_route=%2Fwp%2Fv2%2Fmedia&parent=1989"}],"wp:term":[{"taxonomy":"product_brand","embeddable":true,"href":"https:\/\/bypierinafernandez.com\/index.php?rest_route=%2Fwp%2Fv2%2Fproduct_brand&post=1989"},{"taxonomy":"product_cat","embeddable":true,"href":"https:\/\/bypierinafernandez.com\/index.php?rest_route=%2Fwp%2Fv2%2Fproduct_cat&post=1989"},{"taxonomy":"product_tag","embeddable":true,"href":"https:\/\/bypierinafernandez.com\/index.php?rest_route=%2Fwp%2Fv2%2Fproduct_tag&post=1989"}],"curies":[{"name":"wp","href":"https:\/\/api.w.org\/{rel}","templated":true}]}}