{"id":1992,"date":"2023-08-20T22:15:21","date_gmt":"2023-08-20T22:15:21","guid":{"rendered":"https:\/\/bypierinafernandez.com\/?post_type=product&#038;p=1992"},"modified":"2024-05-29T02:24:17","modified_gmt":"2024-05-29T02:24:17","slug":"limpieza-facial-profunda-pluss","status":"publish","type":"product","link":"https:\/\/bypierinafernandez.com\/?product=limpieza-facial-profunda-pluss","title":{"rendered":"LIMPIEZA FACIAL PROFUNDA PLUSS"},"content":{"rendered":"<p>Incluye:<\/p>\n<p>1. Higiene de la piel<br \/>\n2. Exfoliaci\u00f3n con microdermoabrasi\u00f3n<br \/>\n3. Extracciones con paleta ultras\u00f3nica<br \/>\ny manuales<br \/>\n4. Mascarilla seg\u00fan biotipo y necesidad<br \/>\nde la piel<br \/>\n5. Alta frecuencia.<br \/>\n6. Hidratante y spf.<br \/>\n7. Cabina led<br \/>\n8. Radiofrecuencia.<\/p>\n<p>Duraci\u00f3n: 1 hora<\/p>\n","protected":false},"excerpt":{"rendered":"<p>Incluye: 1. Higiene de la piel 2. Exfoliaci\u00f3n con microdermoabrasi\u00f3n 3. Extracciones con paleta ultras\u00f3nica y manuales 4. Mascarilla seg\u00fan biotipo y necesidad de la piel 5. Alta frecuencia. 6. Hidratante y spf. 7. Cabina led 8. Radiofrecuencia. Duraci\u00f3n: 1 hora<\/p>\n","protected":false},"featured_media":1993,"comment_status":"open","ping_status":"closed","template":"","meta":{"jetpack_post_was_ever_published":false},"product_brand":[],"product_cat":[56],"product_tag":[60,57],"class_list":{"0":"post-1992","1":"product","2":"type-product","3":"status-publish","4":"has-post-thumbnail","6":"product_cat-tratamientos-faciales","7":"product_tag-cuidadofacial","8":"product_tag-limpiezafacial","10":"first","11":"instock","12":"taxable","13":"shipping-taxable","14":"purchasable","15":"product-type-simple"},"jetpack_sharing_enabled":true,"_links":{"self":[{"href":"https:\/\/bypierinafernandez.com\/index.php?rest_route=\/wp\/v2\/product\/1992","targetHints":{"allow":["GET"]}}],"collection":[{"href":"https:\/\/bypierinafernandez.com\/index.php?rest_route=\/wp\/v2\/product"}],"about":[{"href":"https:\/\/bypierinafernandez.com\/index.php?rest_route=\/wp\/v2\/types\/product"}],"replies":[{"embeddable":true,"href":"https:\/\/bypierinafernandez.com\/index.php?rest_route=%2Fwp%2Fv2%2Fcomments&post=1992"}],"wp:featuredmedia":[{"embeddable":true,"href":"https:\/\/bypierinafernandez.com\/index.php?rest_route=\/wp\/v2\/media\/1993"}],"wp:attachment":[{"href":"https:\/\/bypierinafernandez.com\/index.php?rest_route=%2Fwp%2Fv2%2Fmedia&parent=1992"}],"wp:term":[{"taxonomy":"product_brand","embeddable":true,"href":"https:\/\/bypierinafernandez.com\/index.php?rest_route=%2Fwp%2Fv2%2Fproduct_brand&post=1992"},{"taxonomy":"product_cat","embeddable":true,"href":"https:\/\/bypierinafernandez.com\/index.php?rest_route=%2Fwp%2Fv2%2Fproduct_cat&post=1992"},{"taxonomy":"product_tag","embeddable":true,"href":"https:\/\/bypierinafernandez.com\/index.php?rest_route=%2Fwp%2Fv2%2Fproduct_tag&post=1992"}],"curies":[{"name":"wp","href":"https:\/\/api.w.org\/{rel}","templated":true}]}}