{"id":2079,"date":"2023-09-06T22:38:17","date_gmt":"2023-09-06T22:38:17","guid":{"rendered":"https:\/\/bypierinafernandez.com\/?post_type=product&#038;p=2079"},"modified":"2024-10-24T16:09:23","modified_gmt":"2024-10-24T16:09:23","slug":"paquete-3","status":"publish","type":"product","link":"https:\/\/bypierinafernandez.com\/?product=paquete-3","title":{"rendered":"PAQUETE 3"},"content":{"rendered":"<p>Extensiones de pesta\u00f1as 2D + dise\u00f1o de cejas + sistema de u\u00f1as y pedicura<\/p>\n","protected":false},"excerpt":{"rendered":"<p>Extensiones de pesta\u00f1as 2D + dise\u00f1o de cejas + sistema de u\u00f1as y pedicura<\/p>\n","protected":false},"featured_media":2472,"comment_status":"open","ping_status":"closed","template":"","meta":{"jetpack_post_was_ever_published":false},"product_brand":[],"product_cat":[64],"product_tag":[39,67,68,66],"class_list":{"0":"post-2079","1":"product","2":"type-product","3":"status-publish","4":"has-post-thumbnail","6":"product_cat-paquetes","7":"product_tag-cejas","8":"product_tag-manicura","9":"product_tag-pedicura","10":"product_tag-pestanas","12":"first","13":"instock","14":"taxable","15":"shipping-taxable","16":"purchasable","17":"product-type-simple"},"jetpack_sharing_enabled":true,"_links":{"self":[{"href":"https:\/\/bypierinafernandez.com\/index.php?rest_route=\/wp\/v2\/product\/2079","targetHints":{"allow":["GET"]}}],"collection":[{"href":"https:\/\/bypierinafernandez.com\/index.php?rest_route=\/wp\/v2\/product"}],"about":[{"href":"https:\/\/bypierinafernandez.com\/index.php?rest_route=\/wp\/v2\/types\/product"}],"replies":[{"embeddable":true,"href":"https:\/\/bypierinafernandez.com\/index.php?rest_route=%2Fwp%2Fv2%2Fcomments&post=2079"}],"wp:featuredmedia":[{"embeddable":true,"href":"https:\/\/bypierinafernandez.com\/index.php?rest_route=\/wp\/v2\/media\/2472"}],"wp:attachment":[{"href":"https:\/\/bypierinafernandez.com\/index.php?rest_route=%2Fwp%2Fv2%2Fmedia&parent=2079"}],"wp:term":[{"taxonomy":"product_brand","embeddable":true,"href":"https:\/\/bypierinafernandez.com\/index.php?rest_route=%2Fwp%2Fv2%2Fproduct_brand&post=2079"},{"taxonomy":"product_cat","embeddable":true,"href":"https:\/\/bypierinafernandez.com\/index.php?rest_route=%2Fwp%2Fv2%2Fproduct_cat&post=2079"},{"taxonomy":"product_tag","embeddable":true,"href":"https:\/\/bypierinafernandez.com\/index.php?rest_route=%2Fwp%2Fv2%2Fproduct_tag&post=2079"}],"curies":[{"name":"wp","href":"https:\/\/api.w.org\/{rel}","templated":true}]}}