{"id":2387,"date":"2024-09-26T10:23:58","date_gmt":"2024-09-26T10:23:58","guid":{"rendered":"https:\/\/bypierinafernandez.com\/?post_type=product&#038;p=2387"},"modified":"2025-12-01T00:28:01","modified_gmt":"2025-12-01T00:28:01","slug":"micropigmentacion-eyeliner-primera-sesion-retoque","status":"publish","type":"product","link":"https:\/\/bypierinafernandez.com\/?product=micropigmentacion-eyeliner-primera-sesion-retoque","title":{"rendered":"MICROPIGMENTACION EYELINER PRIMERA SESION + RETOQUE"},"content":{"rendered":"<p>Es una t\u00e9cnica de maquillaje semipermanente por medio de la cual se depositan pigmentos en el p\u00e1rpado, recreando el delineado de ojos o, incluso, un <strong>sombreado<\/strong>. Si eres fan del maquillaje y est\u00e1s cansada de tener que estar retoc\u00e1ndolo cada dos por tres, los tratamientos de micropigmentaci\u00f3n de ojos te van a encantar.<\/p>\n<p>&nbsp;<\/p>\n","protected":false},"excerpt":{"rendered":"<p>Es una t\u00e9cnica de maquillaje semipermanente por medio de la cual se depositan pigmentos en el p\u00e1rpado, recreando el delineado de ojos o, incluso, un sombreado. Si eres fan del maquillaje y est\u00e1s cansada de tener que estar retoc\u00e1ndolo cada dos por tres, los tratamientos de micropigmentaci\u00f3n de ojos te van a encantar. &nbsp;<\/p>\n","protected":false},"featured_media":2388,"comment_status":"open","ping_status":"closed","template":"","meta":{"jetpack_post_was_ever_published":false},"product_brand":[],"product_cat":[28],"product_tag":[],"class_list":{"0":"post-2387","1":"product","2":"type-product","3":"status-publish","4":"has-post-thumbnail","6":"product_cat-micropigmentacion","8":"first","9":"instock","10":"taxable","11":"shipping-taxable","12":"purchasable","13":"product-type-simple"},"jetpack_sharing_enabled":true,"_links":{"self":[{"href":"https:\/\/bypierinafernandez.com\/index.php?rest_route=\/wp\/v2\/product\/2387","targetHints":{"allow":["GET"]}}],"collection":[{"href":"https:\/\/bypierinafernandez.com\/index.php?rest_route=\/wp\/v2\/product"}],"about":[{"href":"https:\/\/bypierinafernandez.com\/index.php?rest_route=\/wp\/v2\/types\/product"}],"replies":[{"embeddable":true,"href":"https:\/\/bypierinafernandez.com\/index.php?rest_route=%2Fwp%2Fv2%2Fcomments&post=2387"}],"wp:featuredmedia":[{"embeddable":true,"href":"https:\/\/bypierinafernandez.com\/index.php?rest_route=\/wp\/v2\/media\/2388"}],"wp:attachment":[{"href":"https:\/\/bypierinafernandez.com\/index.php?rest_route=%2Fwp%2Fv2%2Fmedia&parent=2387"}],"wp:term":[{"taxonomy":"product_brand","embeddable":true,"href":"https:\/\/bypierinafernandez.com\/index.php?rest_route=%2Fwp%2Fv2%2Fproduct_brand&post=2387"},{"taxonomy":"product_cat","embeddable":true,"href":"https:\/\/bypierinafernandez.com\/index.php?rest_route=%2Fwp%2Fv2%2Fproduct_cat&post=2387"},{"taxonomy":"product_tag","embeddable":true,"href":"https:\/\/bypierinafernandez.com\/index.php?rest_route=%2Fwp%2Fv2%2Fproduct_tag&post=2387"}],"curies":[{"name":"wp","href":"https:\/\/api.w.org\/{rel}","templated":true}]}}