{"id":2431,"date":"2024-10-07T21:29:37","date_gmt":"2024-10-07T21:29:37","guid":{"rendered":"https:\/\/bypierinafernandez.com\/?post_type=product&#038;p=2431"},"modified":"2026-05-03T20:32:04","modified_gmt":"2026-05-03T20:32:04","slug":"degradebrows","status":"publish","type":"product","link":"https:\/\/bypierinafernandez.com\/?product=degradebrows","title":{"rendered":"MICROPIGMENTACI\u00d3N DE CEJAS DEGRADEBROWS"},"content":{"rendered":"<p>T\u00e9cnia de micropigmentaci\u00f3n de cejas creada por Pierina Fernandez, adquirida durante sus a\u00f1os de experiencia, haciendo sus cejas \u00fanicas y logrando dejar huellas. Logrando posicionarse en Espa\u00f1a y el mundo<\/p>\n<p>\u00a1El retoque de los 30-40 d\u00edas es GRATIS!<\/p>\n","protected":false},"excerpt":{"rendered":"<p>T\u00e9cnia de micropigmentaci\u00f3n de cejas creada por Pierina Fernandez, adquirida durante sus a\u00f1os de experiencia, haciendo sus cejas \u00fanicas y logrando dejar huellas. Logrando posicionarse en Espa\u00f1a y el mundo \u00a1El retoque de los 30-40 d\u00edas es GRATIS!<\/p>\n","protected":false},"featured_media":2452,"comment_status":"open","ping_status":"closed","template":"","meta":{"jetpack_post_was_ever_published":false},"product_brand":[],"product_cat":[28],"product_tag":[],"class_list":{"0":"post-2431","1":"product","2":"type-product","3":"status-publish","4":"has-post-thumbnail","6":"product_cat-micropigmentacion","8":"first","9":"instock","10":"taxable","11":"shipping-taxable","12":"purchasable","13":"product-type-simple"},"jetpack_sharing_enabled":true,"_links":{"self":[{"href":"https:\/\/bypierinafernandez.com\/index.php?rest_route=\/wp\/v2\/product\/2431","targetHints":{"allow":["GET"]}}],"collection":[{"href":"https:\/\/bypierinafernandez.com\/index.php?rest_route=\/wp\/v2\/product"}],"about":[{"href":"https:\/\/bypierinafernandez.com\/index.php?rest_route=\/wp\/v2\/types\/product"}],"replies":[{"embeddable":true,"href":"https:\/\/bypierinafernandez.com\/index.php?rest_route=%2Fwp%2Fv2%2Fcomments&post=2431"}],"wp:featuredmedia":[{"embeddable":true,"href":"https:\/\/bypierinafernandez.com\/index.php?rest_route=\/wp\/v2\/media\/2452"}],"wp:attachment":[{"href":"https:\/\/bypierinafernandez.com\/index.php?rest_route=%2Fwp%2Fv2%2Fmedia&parent=2431"}],"wp:term":[{"taxonomy":"product_brand","embeddable":true,"href":"https:\/\/bypierinafernandez.com\/index.php?rest_route=%2Fwp%2Fv2%2Fproduct_brand&post=2431"},{"taxonomy":"product_cat","embeddable":true,"href":"https:\/\/bypierinafernandez.com\/index.php?rest_route=%2Fwp%2Fv2%2Fproduct_cat&post=2431"},{"taxonomy":"product_tag","embeddable":true,"href":"https:\/\/bypierinafernandez.com\/index.php?rest_route=%2Fwp%2Fv2%2Fproduct_tag&post=2431"}],"curies":[{"name":"wp","href":"https:\/\/api.w.org\/{rel}","templated":true}]}}