{"id":3005,"date":"2026-03-19T19:02:25","date_gmt":"2026-03-19T19:02:25","guid":{"rendered":"https:\/\/bypierinafernandez.com\/?post_type=product&#038;p=3005"},"modified":"2026-03-19T19:03:30","modified_gmt":"2026-03-19T19:03:30","slug":"micropigmentacion-linea-entre-pestanas-retoque","status":"publish","type":"product","link":"https:\/\/bypierinafernandez.com\/?product=micropigmentacion-linea-entre-pestanas-retoque","title":{"rendered":"MICROPIGMENTACION LINEA ENTRE PESTA\u00d1AS + RETOQUE"},"content":{"rendered":"<p>\u00abEntre pesta\u00f1as\u00bb\u00a0es una t\u00e9cnica est\u00e9tica que implica la aplicaci\u00f3n meticulosa de pigmento entre los espacios de las pesta\u00f1as superiores, con el fin de crear la ilusi\u00f3n de pesta\u00f1as m\u00e1s densas y definidas, sin recurrir a extensiones.<\/p>\n","protected":false},"excerpt":{"rendered":"<p>\u00abEntre pesta\u00f1as\u00bb\u00a0es una t\u00e9cnica est\u00e9tica que implica la aplicaci\u00f3n meticulosa de pigmento entre los espacios de las pesta\u00f1as superiores, con el fin de crear la ilusi\u00f3n de pesta\u00f1as m\u00e1s densas y definidas, sin recurrir a extensiones.<\/p>\n","protected":false},"featured_media":3006,"comment_status":"open","ping_status":"closed","template":"","meta":{"jetpack_post_was_ever_published":false},"product_brand":[],"product_cat":[28],"product_tag":[],"class_list":{"0":"post-3005","1":"product","2":"type-product","3":"status-publish","4":"has-post-thumbnail","6":"product_cat-micropigmentacion","8":"first","9":"instock","10":"taxable","11":"shipping-taxable","12":"purchasable","13":"product-type-simple"},"jetpack_sharing_enabled":true,"_links":{"self":[{"href":"https:\/\/bypierinafernandez.com\/index.php?rest_route=\/wp\/v2\/product\/3005","targetHints":{"allow":["GET"]}}],"collection":[{"href":"https:\/\/bypierinafernandez.com\/index.php?rest_route=\/wp\/v2\/product"}],"about":[{"href":"https:\/\/bypierinafernandez.com\/index.php?rest_route=\/wp\/v2\/types\/product"}],"replies":[{"embeddable":true,"href":"https:\/\/bypierinafernandez.com\/index.php?rest_route=%2Fwp%2Fv2%2Fcomments&post=3005"}],"wp:featuredmedia":[{"embeddable":true,"href":"https:\/\/bypierinafernandez.com\/index.php?rest_route=\/wp\/v2\/media\/3006"}],"wp:attachment":[{"href":"https:\/\/bypierinafernandez.com\/index.php?rest_route=%2Fwp%2Fv2%2Fmedia&parent=3005"}],"wp:term":[{"taxonomy":"product_brand","embeddable":true,"href":"https:\/\/bypierinafernandez.com\/index.php?rest_route=%2Fwp%2Fv2%2Fproduct_brand&post=3005"},{"taxonomy":"product_cat","embeddable":true,"href":"https:\/\/bypierinafernandez.com\/index.php?rest_route=%2Fwp%2Fv2%2Fproduct_cat&post=3005"},{"taxonomy":"product_tag","embeddable":true,"href":"https:\/\/bypierinafernandez.com\/index.php?rest_route=%2Fwp%2Fv2%2Fproduct_tag&post=3005"}],"curies":[{"name":"wp","href":"https:\/\/api.w.org\/{rel}","templated":true}]}}