{"id":3008,"date":"2026-03-19T19:13:36","date_gmt":"2026-03-19T19:13:36","guid":{"rendered":"https:\/\/bypierinafernandez.com\/?post_type=product&#038;p=3008"},"modified":"2026-03-19T19:13:36","modified_gmt":"2026-03-19T19:13:36","slug":"micropigmentacion-delineado-clasico-retoque","status":"publish","type":"product","link":"https:\/\/bypierinafernandez.com\/?product=micropigmentacion-delineado-clasico-retoque","title":{"rendered":"MICROPIGMENTACION DELINEADO CLASICO + RETOQUE"},"content":{"rendered":"<p>La micropigmentaci\u00f3n de delineado cl\u00e1sico es una t\u00e9cnica de maquillaje semipermanente que implanta pigmentos en la dermis del p\u00e1rpado, justo sobre la l\u00ednea de las pesta\u00f1as, paraa crear un contorno sutil, elegante y duraderi. Define y enmarca la mirada 24\/7, durando entre 1 y 3 a\u00f1os.<\/p>\n","protected":false},"excerpt":{"rendered":"<p>La micropigmentaci\u00f3n de delineado cl\u00e1sico es una t\u00e9cnica de maquillaje semipermanente que implanta pigmentos en la dermis del p\u00e1rpado, justo sobre la l\u00ednea de las pesta\u00f1as, paraa crear un contorno sutil, elegante y duraderi. Define y enmarca la mirada 24\/7, durando entre 1 y 3 a\u00f1os.<\/p>\n","protected":false},"featured_media":3009,"comment_status":"open","ping_status":"closed","template":"","meta":{"jetpack_post_was_ever_published":false},"product_brand":[],"product_cat":[28],"product_tag":[],"class_list":{"0":"post-3008","1":"product","2":"type-product","3":"status-publish","4":"has-post-thumbnail","6":"product_cat-micropigmentacion","8":"first","9":"instock","10":"taxable","11":"shipping-taxable","12":"purchasable","13":"product-type-simple"},"jetpack_sharing_enabled":true,"_links":{"self":[{"href":"https:\/\/bypierinafernandez.com\/index.php?rest_route=\/wp\/v2\/product\/3008","targetHints":{"allow":["GET"]}}],"collection":[{"href":"https:\/\/bypierinafernandez.com\/index.php?rest_route=\/wp\/v2\/product"}],"about":[{"href":"https:\/\/bypierinafernandez.com\/index.php?rest_route=\/wp\/v2\/types\/product"}],"replies":[{"embeddable":true,"href":"https:\/\/bypierinafernandez.com\/index.php?rest_route=%2Fwp%2Fv2%2Fcomments&post=3008"}],"wp:featuredmedia":[{"embeddable":true,"href":"https:\/\/bypierinafernandez.com\/index.php?rest_route=\/wp\/v2\/media\/3009"}],"wp:attachment":[{"href":"https:\/\/bypierinafernandez.com\/index.php?rest_route=%2Fwp%2Fv2%2Fmedia&parent=3008"}],"wp:term":[{"taxonomy":"product_brand","embeddable":true,"href":"https:\/\/bypierinafernandez.com\/index.php?rest_route=%2Fwp%2Fv2%2Fproduct_brand&post=3008"},{"taxonomy":"product_cat","embeddable":true,"href":"https:\/\/bypierinafernandez.com\/index.php?rest_route=%2Fwp%2Fv2%2Fproduct_cat&post=3008"},{"taxonomy":"product_tag","embeddable":true,"href":"https:\/\/bypierinafernandez.com\/index.php?rest_route=%2Fwp%2Fv2%2Fproduct_tag&post=3008"}],"curies":[{"name":"wp","href":"https:\/\/api.w.org\/{rel}","templated":true}]}}