{"id":992,"date":"2023-06-12T22:23:42","date_gmt":"2023-06-12T22:23:42","guid":{"rendered":"https:\/\/bypierinafernandez.com\/?post_type=product&#038;p=992"},"modified":"2024-11-03T23:32:15","modified_gmt":"2024-11-03T23:32:15","slug":"formacion-pestanas-clasicas","status":"publish","type":"product","link":"https:\/\/bypierinafernandez.com\/?product=formacion-pestanas-clasicas","title":{"rendered":"FORMACI\u00d3N PESTA\u00d1AS CLASICAS"},"content":{"rendered":"<p>Extensiones de pesta\u00f1as cl\u00e1sicas.<br \/>\nNivel B\u00e1sico, para principiantes y profesionales.<\/p>\n<p>&nbsp;<\/p>\n","protected":false},"excerpt":{"rendered":"<p><span style=\"color: #000000;\"><span style=\"color: #000000;\">F\u00f3rmate con nuestro\u00a0<\/span><em style=\"color: #000000;\">curso<\/em><span style=\"color: #000000;\">\u00a0de Extensiones de\u00a0<\/span><em style=\"color: #000000;\">Pesta\u00f1as<\/em><span style=\"color: #000000;\"> Cl\u00e0sicas, tambien llamado pelo a pelo. Aprende a colocar extensiones de <\/span><em><span style=\"color: #000000;\">pesta\u00f1as, aprendiendo nuestra t\u00e9cnica\u00a0en un d\u00eda\u00a0de teor\u00eda y practica.\u00a0<\/span><\/em><\/span><\/p>\n","protected":false},"featured_media":2588,"comment_status":"open","ping_status":"closed","template":"","meta":{"jetpack_post_was_ever_published":false},"product_brand":[],"product_cat":[27],"product_tag":[],"class_list":{"0":"post-992","1":"product","2":"type-product","3":"status-publish","4":"has-post-thumbnail","6":"product_cat-formaciones","8":"first","9":"instock","10":"taxable","11":"shipping-taxable","12":"purchasable","13":"product-type-variable"},"jetpack_sharing_enabled":true,"_links":{"self":[{"href":"https:\/\/bypierinafernandez.com\/index.php?rest_route=\/wp\/v2\/product\/992","targetHints":{"allow":["GET"]}}],"collection":[{"href":"https:\/\/bypierinafernandez.com\/index.php?rest_route=\/wp\/v2\/product"}],"about":[{"href":"https:\/\/bypierinafernandez.com\/index.php?rest_route=\/wp\/v2\/types\/product"}],"replies":[{"embeddable":true,"href":"https:\/\/bypierinafernandez.com\/index.php?rest_route=%2Fwp%2Fv2%2Fcomments&post=992"}],"wp:featuredmedia":[{"embeddable":true,"href":"https:\/\/bypierinafernandez.com\/index.php?rest_route=\/wp\/v2\/media\/2588"}],"wp:attachment":[{"href":"https:\/\/bypierinafernandez.com\/index.php?rest_route=%2Fwp%2Fv2%2Fmedia&parent=992"}],"wp:term":[{"taxonomy":"product_brand","embeddable":true,"href":"https:\/\/bypierinafernandez.com\/index.php?rest_route=%2Fwp%2Fv2%2Fproduct_brand&post=992"},{"taxonomy":"product_cat","embeddable":true,"href":"https:\/\/bypierinafernandez.com\/index.php?rest_route=%2Fwp%2Fv2%2Fproduct_cat&post=992"},{"taxonomy":"product_tag","embeddable":true,"href":"https:\/\/bypierinafernandez.com\/index.php?rest_route=%2Fwp%2Fv2%2Fproduct_tag&post=992"}],"curies":[{"name":"wp","href":"https:\/\/api.w.org\/{rel}","templated":true}]}}